{"id":109,"date":"2025-04-15T20:26:18","date_gmt":"2025-04-15T20:26:18","guid":{"rendered":"https:\/\/nexuscloud.com.co\/site\/home\/"},"modified":"2025-12-18T13:50:07","modified_gmt":"2025-12-18T13:50:07","slug":"home","status":"publish","type":"page","link":"https:\/\/nexuscloud.com.co\/site\/","title":{"rendered":"Home"},"content":{"rendered":"\n\n\n<h2>Software Contable POS<\/h2>\n<h5 style=\"text-align: center;\">JLEDGER<\/h5>\n\n\n\n<center><i class=\"fa-solid fa-building-user fa-6x\" style=\"color: #2c3e50;\"><\/i>\n<h4>Empresa<\/h4><\/center>\nGesti\u00f3n de acceso por roles, configuraci\u00f3n rapida de impresoras, administraci\u00f3n de turnos.\n\n\n<center><i class=\"fa-solid fa-users fa-6x\" style=\"color: #2c3e50;\"><\/i>\n<h4>Terceros<\/h4><\/center>\nAdministraci\u00f3n completa de empleados, clientes y proveedores.\n\n\n<center><i class=\"fas fa-file-invoice-dollar fa-6x\" style=\"color: #2c3e50;\"><\/i>\n<h4>Documentos Contables<\/h4><\/center>\nGenera facturas de compra y venta, cotizaciones y remisiones f\u00e1cilmente.\n\n\n\n\n<center><i class=\"fa-solid fa-boxes-stacked fa-6x\" style=\"color: #2c3e50;\"><\/i>\n<h4>Inventario<\/h4><\/center>\nAdministra productos, categor\u00edas, l\u00edneas, presentaciones y marcas.\n\n\n<center><i class=\"fa-solid fa-wallet fa-6x\" style=\"color: #2c3e50;\"><\/i>\n<h4>Cartera<\/h4><\/center>\nControla cuentas por pagar, por cobrar, remisiones y gastos.\n\n\n<center><i class=\"fa-solid fa-chart-bar fa-6x\" style=\"color: #2c3e50;\"><\/i>\n<h4>Reportes Financieros<\/h4><\/center>\nObt\u00e9n reportes claros y detallados en segundos.\n\n\n\n\n\n\n<h2>Plataforma para Colegios<\/h2>\n<h5><a href=\"https:\/\/school.nexuscloud.com.co\/acerca_de\/acerca_de.php\" target=\"_blank\">Acerca de<\/a>&nbsp;AVACOL<\/h5>\n\n\n\n<center><i class=\"fa-solid fa-chart-line fa-6x\" style=\"color: #9b59b6;\"><\/i>\n<h4>M\u00f3dulo Administrador<\/h4><\/center>\nEste m\u00f3dulo permite la gesti\u00f3n y la administraci\u00f3n de la plataforma acad\u00e9mica, como por ejemplo la apertura y cierre de parciales para el ingreso de calificaciones, la impresi\u00f3n de reportes, la inscripci\u00f3n de estudiantes, la gesti\u00f3n de matr\u00edcula, la gesti\u00f3n de usuarios y roles entre algunos.\n\n\n<center><i class=\"fa-solid fa-users fa-6x\" style=\"color: #9b59b6;\"><\/i>\n<h4>M\u00f3dulo Docente<\/h4><\/center>\nPermite entre algunos, imprimir listados de estudiantes, Imprimir Reportes de Notas, Ingresar calificaciones, planear clases con est\u00e1ndares, desempe\u00f1os, competencias y actividades y evaluaciones.\n\n\n<center><i class=\"fas fa-user-tie fa-6x\" style=\"color: #9b59b6;\"><\/i>\n<h4>M\u00f3dulo Directores de Grupo<\/h4><\/center>\nContiene algunos informes propios de la labor, como el registro de observaciones generales a estudiantes, control de asistencia e impresi\u00f3n de algunos informes.\n\n\n\n\n<center><i class=\"fas fa-tasks fa-6x\" style=\"color: #9b59b6;\"><\/i>\n<h4>M\u00f3dulo para Coordinadores<\/h4><\/center>\nEst\u00e1 enfocado principalmente en el seguimiento, el control disciplinario y el control de asistencia de los estudiantes.\n\n\n<center><i class=\"fas fa-users fa-6x\" style=\"color: #9b59b6;\"><\/i>\n<h4>M\u00f3dulo para Acudientes<\/h4><\/center>\nPermite a los acudientes establecer una comunicaci\u00f3n directa con los docentes o la instituci\u00f3n educativa, estar enterados de las actividades acad\u00e9micas y del rendimiento de los estudiantes a cargo, descargar el bolet\u00edn y algunos certificados institucionales.\n\n\n<center><i class=\"fas fa-user-graduate fa-6x\" style=\"color: #9b59b6;\"><\/i>\n<h4>M\u00f3dulo para Estudiantes<\/h4><\/center>\nPermite a los estudiantes establecer una comunicaci\u00f3n directa con los docentes o la instituci\u00f3n educativa, estar enterados de las actividades acad\u00e9micas y calificaciones de actividades, examenes y parciales, descargar el bolet\u00edn y algunos certificados institucionales.\n\n\n\n\n\n\n<h2>Tecnolog\u00eda y Soporte T\u00e9cnico<\/h2>\n\n\n\nOptimiza la gesti\u00f3n de tu negocio y colegio con nuestras soluciones tecnol\u00f3gicas. Nuestro software contable, disponible para Windows y Linux (desarrollado con Electron), ofrece un control financiero f\u00e1cil y eficiente. Adem\u00e1s, nuestra plataforma web para colegios simplifica la administraci\u00f3n acad\u00e9mica con herramientas 100% online. \u00a1Digitaliza tus procesos con nosotros!\u00bb\n\n\nNuestro software contable y plataforma para colegios funcionan con MariaDB, una base de datos robusta y segura capaz de manejar miles de datos sin perder velocidad ni estabilidad. Ideal para gestionar informaci\u00f3n financiera y acad\u00e9mica de forma eficiente, escalable y siempre protegida. \u00a1Rendimiento profesional para tu negocio o instituci\u00f3n!\n\n\n\u00a1Soporte t\u00e9cnico especializado 24\/7! Asistencia inmediata para resolver tus consultas y garantizar el funcionamiento continuo de tus sistemas, cuando m\u00e1s lo necesites.\n\n\n\n\n\n\n<h2>Escoge Tu Plan<\/h2>\n\n\n\n\nIncluye Todos Los M\u00f3dulos\nFacturaci\u00f3n Ilimitada\nPuntos de Venta Ilimitados\nSoporte T\u00e9cnico B\u00e1sico\n\n\n\n\n999 Estudiantes o Menos\nIncluye Todos los M\u00f3dulos\nCapacitaci\u00f3n a Docentes y Admin\n24\/7 Soporte T\u00e9cnico\n\n\n\n\n1.000 Estudiantes o m\u00e1s.\nIncluye Todos los M\u00f3dulos\nCapacitaci\u00f3n a Docentes y Admin\n24\/7 Soporte T\u00e9cnico\n\n\n\n\n\n\n\n\n\n\n\n\n\n\n\n<p>Contactanos para obtener una versi\u00f3n de prueba del software contable.<\/p>\n<a href=\"https:\/\/drive.google.com\/drive\/folders\/1jMkgzWFTrrNolSLXfT6nNO_YVRY4zwHM?usp=drive_link\" target=\"_blank\">Versi\u00f3n de Prueba<p><\/p><\/a>\n\n\n<p>Contactanos para obtener una version de prueba de la plataforma para colegios.<\/p><a href=\"https:\/\/school.nexuscloud.com.co\" target=\"_blank\">Visitar Sitio<\/a>\n\n\n\n\n<div class=\"powr-hit-counter\" id=\"c137d4ae_1742509183\"><\/div><script src=\"https:\/\/www.powr.io\/powr.js?platform=html\"><\/script>\n\n\n","protected":false},"excerpt":{"rendered":"","protected":false},"author":1,"featured_media":0,"parent":0,"menu_order":0,"comment_status":"closed","ping_status":"closed","template":"","meta":{"pagelayer_contact_templates":[],"_pagelayer_content":"","_uag_custom_page_level_css":"","footnotes":""},"class_list":["post-109","page","type-page","status-publish","hentry"],"yoast_head":"<!-- This site is optimized with the Yoast SEO plugin v26.2 - https:\/\/yoast.com\/wordpress\/plugins\/seo\/ -->\n<title>Home - NexusCloud<\/title>\n<meta name=\"robots\" content=\"index, follow, max-snippet:-1, max-image-preview:large, max-video-preview:-1\" \/>\n<link rel=\"canonical\" href=\"https:\/\/nexuscloud.com.co\/site\/\" \/>\n<meta property=\"og:locale\" content=\"es_ES\" \/>\n<meta property=\"og:type\" content=\"article\" \/>\n<meta property=\"og:title\" content=\"Home - NexusCloud\" \/>\n<meta property=\"og:url\" content=\"https:\/\/nexuscloud.com.co\/site\/\" \/>\n<meta property=\"og:site_name\" content=\"NexusCloud\" \/>\n<meta property=\"article:modified_time\" content=\"2025-12-18T13:50:07+00:00\" \/>\n<meta name=\"twitter:card\" content=\"summary_large_image\" \/>\n<meta name=\"twitter:label1\" content=\"Tiempo de lectura\" \/>\n\t<meta name=\"twitter:data1\" content=\"3 minutos\" \/>\n<script type=\"application\/ld+json\" class=\"yoast-schema-graph\">{\"@context\":\"https:\/\/schema.org\",\"@graph\":[{\"@type\":\"WebPage\",\"@id\":\"https:\/\/nexuscloud.com.co\/site\/\",\"url\":\"https:\/\/nexuscloud.com.co\/site\/\",\"name\":\"Home - NexusCloud\",\"isPartOf\":{\"@id\":\"https:\/\/nexuscloud.com.co\/site\/#website\"},\"datePublished\":\"2025-04-15T20:26:18+00:00\",\"dateModified\":\"2025-12-18T13:50:07+00:00\",\"breadcrumb\":{\"@id\":\"https:\/\/nexuscloud.com.co\/site\/#breadcrumb\"},\"inLanguage\":\"es\",\"potentialAction\":[{\"@type\":\"ReadAction\",\"target\":[\"https:\/\/nexuscloud.com.co\/site\/\"]}]},{\"@type\":\"BreadcrumbList\",\"@id\":\"https:\/\/nexuscloud.com.co\/site\/#breadcrumb\",\"itemListElement\":[{\"@type\":\"ListItem\",\"position\":1,\"name\":\"Portada\",\"item\":\"https:\/\/nexuscloud.com.co\/site\/\"},{\"@type\":\"ListItem\",\"position\":2,\"name\":\"Home\"}]},{\"@type\":\"WebSite\",\"@id\":\"https:\/\/nexuscloud.com.co\/site\/#website\",\"url\":\"https:\/\/nexuscloud.com.co\/site\/\",\"name\":\"NexusCloud\",\"description\":\"Soluciones en la nube para un futuro brillante.\",\"publisher\":{\"@id\":\"https:\/\/nexuscloud.com.co\/site\/#organization\"},\"potentialAction\":[{\"@type\":\"SearchAction\",\"target\":{\"@type\":\"EntryPoint\",\"urlTemplate\":\"https:\/\/nexuscloud.com.co\/site\/?s={search_term_string}\"},\"query-input\":{\"@type\":\"PropertyValueSpecification\",\"valueRequired\":true,\"valueName\":\"search_term_string\"}}],\"inLanguage\":\"es\"},{\"@type\":\"Organization\",\"@id\":\"https:\/\/nexuscloud.com.co\/site\/#organization\",\"name\":\"NexusCloud\",\"url\":\"https:\/\/nexuscloud.com.co\/site\/\",\"logo\":{\"@type\":\"ImageObject\",\"inLanguage\":\"es\",\"@id\":\"https:\/\/nexuscloud.com.co\/site\/#\/schema\/logo\/image\/\",\"url\":\"https:\/\/nexuscloud.com.co\/site\/wp-content\/uploads\/2025\/04\/cropped-Icono.png\",\"contentUrl\":\"https:\/\/nexuscloud.com.co\/site\/wp-content\/uploads\/2025\/04\/cropped-Icono.png\",\"width\":619,\"height\":496,\"caption\":\"NexusCloud\"},\"image\":{\"@id\":\"https:\/\/nexuscloud.com.co\/site\/#\/schema\/logo\/image\/\"}}]}<\/script>\n<!-- \/ Yoast SEO plugin. -->","yoast_head_json":{"title":"Home - NexusCloud","robots":{"index":"index","follow":"follow","max-snippet":"max-snippet:-1","max-image-preview":"max-image-preview:large","max-video-preview":"max-video-preview:-1"},"canonical":"https:\/\/nexuscloud.com.co\/site\/","og_locale":"es_ES","og_type":"article","og_title":"Home - NexusCloud","og_url":"https:\/\/nexuscloud.com.co\/site\/","og_site_name":"NexusCloud","article_modified_time":"2025-12-18T13:50:07+00:00","twitter_card":"summary_large_image","twitter_misc":{"Tiempo de lectura":"3 minutos"},"schema":{"@context":"https:\/\/schema.org","@graph":[{"@type":"WebPage","@id":"https:\/\/nexuscloud.com.co\/site\/","url":"https:\/\/nexuscloud.com.co\/site\/","name":"Home - NexusCloud","isPartOf":{"@id":"https:\/\/nexuscloud.com.co\/site\/#website"},"datePublished":"2025-04-15T20:26:18+00:00","dateModified":"2025-12-18T13:50:07+00:00","breadcrumb":{"@id":"https:\/\/nexuscloud.com.co\/site\/#breadcrumb"},"inLanguage":"es","potentialAction":[{"@type":"ReadAction","target":["https:\/\/nexuscloud.com.co\/site\/"]}]},{"@type":"BreadcrumbList","@id":"https:\/\/nexuscloud.com.co\/site\/#breadcrumb","itemListElement":[{"@type":"ListItem","position":1,"name":"Portada","item":"https:\/\/nexuscloud.com.co\/site\/"},{"@type":"ListItem","position":2,"name":"Home"}]},{"@type":"WebSite","@id":"https:\/\/nexuscloud.com.co\/site\/#website","url":"https:\/\/nexuscloud.com.co\/site\/","name":"NexusCloud","description":"Soluciones en la nube para un futuro brillante.","publisher":{"@id":"https:\/\/nexuscloud.com.co\/site\/#organization"},"potentialAction":[{"@type":"SearchAction","target":{"@type":"EntryPoint","urlTemplate":"https:\/\/nexuscloud.com.co\/site\/?s={search_term_string}"},"query-input":{"@type":"PropertyValueSpecification","valueRequired":true,"valueName":"search_term_string"}}],"inLanguage":"es"},{"@type":"Organization","@id":"https:\/\/nexuscloud.com.co\/site\/#organization","name":"NexusCloud","url":"https:\/\/nexuscloud.com.co\/site\/","logo":{"@type":"ImageObject","inLanguage":"es","@id":"https:\/\/nexuscloud.com.co\/site\/#\/schema\/logo\/image\/","url":"https:\/\/nexuscloud.com.co\/site\/wp-content\/uploads\/2025\/04\/cropped-Icono.png","contentUrl":"https:\/\/nexuscloud.com.co\/site\/wp-content\/uploads\/2025\/04\/cropped-Icono.png","width":619,"height":496,"caption":"NexusCloud"},"image":{"@id":"https:\/\/nexuscloud.com.co\/site\/#\/schema\/logo\/image\/"}}]}},"uagb_featured_image_src":{"full":false,"thumbnail":false,"medium":false,"medium_large":false,"large":false,"1536x1536":false,"2048x2048":false,"woocommerce_thumbnail":false,"woocommerce_single":false,"woocommerce_gallery_thumbnail":false},"uagb_author_info":{"display_name":"admin","author_link":"https:\/\/nexuscloud.com.co\/site\/author\/admin\/"},"uagb_comment_info":0,"uagb_excerpt":null,"_links":{"self":[{"href":"https:\/\/nexuscloud.com.co\/site\/wp-json\/wp\/v2\/pages\/109","targetHints":{"allow":["GET"]}}],"collection":[{"href":"https:\/\/nexuscloud.com.co\/site\/wp-json\/wp\/v2\/pages"}],"about":[{"href":"https:\/\/nexuscloud.com.co\/site\/wp-json\/wp\/v2\/types\/page"}],"author":[{"embeddable":true,"href":"https:\/\/nexuscloud.com.co\/site\/wp-json\/wp\/v2\/users\/1"}],"replies":[{"embeddable":true,"href":"https:\/\/nexuscloud.com.co\/site\/wp-json\/wp\/v2\/comments?post=109"}],"version-history":[{"count":59,"href":"https:\/\/nexuscloud.com.co\/site\/wp-json\/wp\/v2\/pages\/109\/revisions"}],"predecessor-version":[{"id":294,"href":"https:\/\/nexuscloud.com.co\/site\/wp-json\/wp\/v2\/pages\/109\/revisions\/294"}],"wp:attachment":[{"href":"https:\/\/nexuscloud.com.co\/site\/wp-json\/wp\/v2\/media?parent=109"}],"curies":[{"name":"wp","href":"https:\/\/api.w.org\/{rel}","templated":true}]}}